{"id":3226,"date":"2023-11-17T13:48:47","date_gmt":"2023-11-17T12:48:47","guid":{"rendered":"https:\/\/andrelang-law.de\/?page_id=3226"},"modified":"2023-11-17T14:02:17","modified_gmt":"2023-11-17T13:02:17","slug":"thanks","status":"publish","type":"page","link":"https:\/\/andrelang-law.de\/en\/danke\/","title":{"rendered":"Thanks"},"content":{"rendered":"<div data-elementor-type=\"wp-page\" data-elementor-id=\"3226\" class=\"elementor elementor-3226\" data-elementor-settings=\"{&quot;ha_cmc_init_switcher&quot;:&quot;no&quot;}\" data-elementor-post-type=\"page\">\n\t\t\t\t\t\t<section class=\"elementor-section elementor-top-section elementor-element elementor-element-b9fc5cd elementor-section-height-min-height elementor-section-boxed elementor-section-height-default elementor-section-items-middle\" data-id=\"b9fc5cd\" data-element_type=\"section\" data-e-type=\"section\" data-settings=\"{&quot;background_background&quot;:&quot;classic&quot;,&quot;_ha_eqh_enable&quot;:false}\">\n\t\t\t\t\t\t\t<div class=\"elementor-background-overlay\"><\/div>\n\t\t\t\t\t\t\t<div class=\"elementor-container elementor-column-gap-default\">\n\t\t\t\t\t<div class=\"elementor-column elementor-col-100 elementor-top-column elementor-element elementor-element-df66673\" data-id=\"df66673\" data-element_type=\"column\" data-e-type=\"column\">\n\t\t\t<div class=\"elementor-widget-wrap elementor-element-populated\">\n\t\t\t\t\t\t<section class=\"elementor-section elementor-inner-section elementor-element elementor-element-4768984 elementor-section-boxed elementor-section-height-default elementor-section-height-default\" data-id=\"4768984\" data-element_type=\"section\" data-e-type=\"section\" data-settings=\"{&quot;_ha_eqh_enable&quot;:false}\">\n\t\t\t\t\t\t<div class=\"elementor-container elementor-column-gap-default\">\n\t\t\t\t\t<div class=\"elementor-column elementor-col-100 elementor-inner-column elementor-element elementor-element-89c3762\" data-id=\"89c3762\" data-element_type=\"column\" data-e-type=\"column\">\n\t\t\t<div class=\"elementor-widget-wrap\">\n\t\t\t\t\t\t\t<\/div>\n\t\t<\/div>\n\t\t\t\t\t<\/div>\n\t\t<\/section>\n\t\t\t\t\t<\/div>\n\t\t<\/div>\n\t\t\t\t\t<\/div>\n\t\t<\/section>\n\t\t\t\t<section class=\"elementor-section elementor-top-section elementor-element elementor-element-5a6f71e elementor-section-boxed elementor-section-height-default elementor-section-height-default\" data-id=\"5a6f71e\" data-element_type=\"section\" data-e-type=\"section\" data-settings=\"{&quot;_ha_eqh_enable&quot;:false}\">\n\t\t\t\t\t\t<div class=\"elementor-container elementor-column-gap-default\">\n\t\t\t\t\t<div class=\"elementor-column elementor-col-100 elementor-top-column elementor-element elementor-element-4cac2b5\" data-id=\"4cac2b5\" data-element_type=\"column\" data-e-type=\"column\">\n\t\t\t<div class=\"elementor-widget-wrap elementor-element-populated\">\n\t\t\t\t\t\t<div class=\"elementor-element elementor-element-223bb4e elementor-widget elementor-widget-heading\" data-id=\"223bb4e\" data-element_type=\"widget\" data-e-type=\"widget\" data-widget_type=\"heading.default\">\n\t\t\t\t<div class=\"elementor-widget-container\">\n\t\t\t\t\t<h1 class=\"elementor-heading-title elementor-size-default\">Message sent successfully<\/h1>\t\t\t\t<\/div>\n\t\t\t\t<\/div>\n\t\t\t\t<div class=\"elementor-element elementor-element-292e56e elementor-widget elementor-widget-text-editor\" data-id=\"292e56e\" data-element_type=\"widget\" data-e-type=\"widget\" data-widget_type=\"text-editor.default\">\n\t\t\t\t<div class=\"elementor-widget-container\">\n\t\t\t\t\t\t\t\t\t<h2>Thank you for contacting my law firm with your concerns.\u00a0<\/h2><p><span style=\"color: var( --e-global-color-2032612 ); font-size: 1rem;\">I will review your request promptly and contact you promptly to discuss the next steps. My goal is to offer you an individually tailored and effective legal solution.<\/span><\/p><p>If you would like to provide further information or documents in the meantime, or if you have any questions, please do not hesitate to contact me. You can reach me at any time by email or telephone.<\/p>\t\t\t\t\t\t\t\t<\/div>\n\t\t\t\t<\/div>\n\t\t\t\t\t<\/div>\n\t\t<\/div>\n\t\t\t\t\t<\/div>\n\t\t<\/section>\n\t\t\t\t<section class=\"elementor-section elementor-top-section elementor-element elementor-element-ef696e3 elementor-section-boxed elementor-section-height-default elementor-section-height-default\" data-id=\"ef696e3\" data-element_type=\"section\" data-e-type=\"section\" data-settings=\"{&quot;_ha_eqh_enable&quot;:false}\">\n\t\t\t\t\t\t<div class=\"elementor-container elementor-column-gap-default\">\n\t\t\t\t\t<div class=\"elementor-column elementor-col-100 elementor-top-column elementor-element elementor-element-4f57a37\" data-id=\"4f57a37\" data-element_type=\"column\" data-e-type=\"column\">\n\t\t\t<div class=\"elementor-widget-wrap elementor-element-populated\">\n\t\t\t\t\t\t<section class=\"elementor-section elementor-inner-section elementor-element elementor-element-11c5765 elementor-section-content-middle elementor-section-boxed elementor-section-height-default elementor-section-height-default\" data-id=\"11c5765\" data-element_type=\"section\" data-e-type=\"section\" data-settings=\"{&quot;_ha_eqh_enable&quot;:false}\">\n\t\t\t\t\t\t<div class=\"elementor-container elementor-column-gap-default\">\n\t\t\t\t\t<div class=\"elementor-column elementor-col-50 elementor-inner-column elementor-element elementor-element-4901fa8\" data-id=\"4901fa8\" data-element_type=\"column\" data-e-type=\"column\">\n\t\t\t<div class=\"elementor-widget-wrap elementor-element-populated\">\n\t\t\t\t\t\t<div class=\"elementor-element elementor-element-51321e1 elementor-widget elementor-widget-image\" data-id=\"51321e1\" data-element_type=\"widget\" data-e-type=\"widget\" data-widget_type=\"image.default\">\n\t\t\t\t<div class=\"elementor-widget-container\">\n\t\t\t\t\t\t\t\t\t\t\t\t\t\t\t<img fetchpriority=\"high\" decoding=\"async\" width=\"500\" height=\"500\" src=\"https:\/\/andrelang-law.de\/wp-content\/uploads\/2020\/11\/Dr-Christian-Andrelang-Portrait-2.png\" class=\"attachment-full size-full wp-image-1562\" alt=\"Lawyer Corporate Law and Commercial Law\" srcset=\"https:\/\/andrelang-law.de\/wp-content\/uploads\/2020\/11\/Dr-Christian-Andrelang-Portrait-2.png 500w, https:\/\/andrelang-law.de\/wp-content\/uploads\/2020\/11\/Dr-Christian-Andrelang-Portrait-2-300x300.png 300w, https:\/\/andrelang-law.de\/wp-content\/uploads\/2020\/11\/Dr-Christian-Andrelang-Portrait-2-150x150.png 150w\" sizes=\"(max-width: 500px) 100vw, 500px\" \/>\t\t\t\t\t\t\t\t\t\t\t\t\t\t\t<\/div>\n\t\t\t\t<\/div>\n\t\t\t\t\t<\/div>\n\t\t<\/div>\n\t\t\t\t<div class=\"elementor-column elementor-col-50 elementor-inner-column elementor-element elementor-element-7f61b4c\" data-id=\"7f61b4c\" data-element_type=\"column\" data-e-type=\"column\">\n\t\t\t<div class=\"elementor-widget-wrap elementor-element-populated\">\n\t\t\t\t\t\t<div class=\"elementor-element elementor-element-8b6ed34 elementor-widget elementor-widget-heading\" data-id=\"8b6ed34\" data-element_type=\"widget\" data-e-type=\"widget\" data-widget_type=\"heading.default\">\n\t\t\t\t<div class=\"elementor-widget-container\">\n\t\t\t\t\t<h2 class=\"elementor-heading-title elementor-size-default\">dr Andrelang, LL. M<\/h2>\t\t\t\t<\/div>\n\t\t\t\t<\/div>\n\t\t\t\t<div class=\"elementor-element elementor-element-5b289d5 elementor-widget elementor-widget-heading\" data-id=\"5b289d5\" data-element_type=\"widget\" data-e-type=\"widget\" data-widget_type=\"heading.default\">\n\t\t\t\t<div class=\"elementor-widget-container\">\n\t\t\t\t\t<h4 class=\"elementor-heading-title elementor-size-default\">Specialist lawyer for international business law<\/h4>\t\t\t\t<\/div>\n\t\t\t\t<\/div>\n\t\t\t\t<div class=\"elementor-element elementor-element-07b113a elementor-widget elementor-widget-heading\" data-id=\"07b113a\" data-element_type=\"widget\" data-e-type=\"widget\" data-widget_type=\"heading.default\">\n\t\t\t\t<div class=\"elementor-widget-container\">\n\t\t\t\t\t<h4 class=\"elementor-heading-title elementor-size-default\">Specialist lawyer for commercial and corporate law<\/h4>\t\t\t\t<\/div>\n\t\t\t\t<\/div>\n\t\t\t\t<div class=\"elementor-element elementor-element-1364989 elementor-icon-list--layout-inline elementor-mobile-align-center elementor-list-item-link-full_width elementor-widget elementor-widget-icon-list\" data-id=\"1364989\" data-element_type=\"widget\" data-e-type=\"widget\" data-widget_type=\"icon-list.default\">\n\t\t\t\t<div class=\"elementor-widget-container\">\n\t\t\t\t\t\t\t<ul class=\"elementor-icon-list-items elementor-inline-items\">\n\t\t\t\t\t\t\t<li class=\"elementor-icon-list-item elementor-inline-item\">\n\t\t\t\t\t\t\t\t\t\t\t<a href=\"tel:08920201272\">\n\n\t\t\t\t\t\t\t\t\t\t\t\t<span class=\"elementor-icon-list-icon\">\n\t\t\t\t\t\t\t<i aria-hidden=\"true\" class=\"fas fa-phone\"><\/i>\t\t\t\t\t\t<\/span>\n\t\t\t\t\t\t\t\t\t\t<span class=\"elementor-icon-list-text\">089 \/ 2020 1272<\/span>\n\t\t\t\t\t\t\t\t\t\t\t<\/a>\n\t\t\t\t\t\t\t\t\t<\/li>\n\t\t\t\t\t\t\t\t<li class=\"elementor-icon-list-item elementor-inline-item\">\n\t\t\t\t\t\t\t\t\t\t\t<a href=\"mailto:candrelang@andrelang-law.com\">\n\n\t\t\t\t\t\t\t\t\t\t\t\t<span class=\"elementor-icon-list-icon\">\n\t\t\t\t\t\t\t<i aria-hidden=\"true\" class=\"far fa-envelope\"><\/i>\t\t\t\t\t\t<\/span>\n\t\t\t\t\t\t\t\t\t\t<span class=\"elementor-icon-list-text\">candrelang@andrelang-law.com<\/span>\n\t\t\t\t\t\t\t\t\t\t\t<\/a>\n\t\t\t\t\t\t\t\t\t<\/li>\n\t\t\t\t\t\t<\/ul>\n\t\t\t\t\t\t<\/div>\n\t\t\t\t<\/div>\n\t\t\t\t<div class=\"elementor-element elementor-element-627e358 elementor-widget elementor-widget-button\" data-id=\"627e358\" data-element_type=\"widget\" data-e-type=\"widget\" data-widget_type=\"button.default\">\n\t\t\t\t<div class=\"elementor-widget-container\">\n\t\t\t\t\t\t\t\t\t<div class=\"elementor-button-wrapper\">\n\t\t\t\t\t<a class=\"elementor-button elementor-button-link elementor-size-sm\" href=\"http:\/\/Kontakt\">\n\t\t\t\t\t\t<span class=\"elementor-button-content-wrapper\">\n\t\t\t\t\t\t\t\t\t<span class=\"elementor-button-text\">Contact<\/span>\n\t\t\t\t\t<\/span>\n\t\t\t\t\t<\/a>\n\t\t\t\t<\/div>\n\t\t\t\t\t\t\t\t<\/div>\n\t\t\t\t<\/div>\n\t\t\t\t\t<\/div>\n\t\t<\/div>\n\t\t\t\t\t<\/div>\n\t\t<\/section>\n\t\t\t\t\t<\/div>\n\t\t<\/div>\n\t\t\t\t\t<\/div>\n\t\t<\/section>\n\t\t\t\t<\/div>","protected":false},"excerpt":{"rendered":"<p>Nachricht erfolgreich gesendet Vielen Dank, dass Sie sich mit Ihrem Anliegen an meine Kanzlei gewandt haben.\u00a0 Ich werde Ihre Anfrage umgehend pr\u00fcfen und mich zeitnah mit Ihnen in Verbindung setzen, um die n\u00e4chsten Schritte zu besprechen. Mein Ziel ist es, Ihnen eine individuell zugeschnittene und effektive rechtliche L\u00f6sung anzubieten. Sollten Sie in der Zwischenzeit weitere [&hellip;]<\/p>\n","protected":false},"author":1,"featured_media":0,"parent":0,"menu_order":0,"comment_status":"closed","ping_status":"closed","template":"","meta":{"footnotes":""},"class_list":["post-3226","page","type-page","status-publish","hentry"],"yoast_head":"<!-- This site is optimized with the Yoast SEO plugin v26.9 - https:\/\/yoast.com\/product\/yoast-seo-wordpress\/ -->\n<title>Danke - Andrelang Law<\/title>\n<meta name=\"robots\" content=\"index, follow, max-snippet:-1, max-image-preview:large, max-video-preview:-1\" \/>\n<link rel=\"canonical\" href=\"https:\/\/andrelang-law.de\/en\/thanks\/\" \/>\n<meta property=\"og:locale\" content=\"en_GB\" \/>\n<meta property=\"og:type\" content=\"article\" \/>\n<meta property=\"og:title\" content=\"Danke - Andrelang Law\" \/>\n<meta property=\"og:description\" content=\"Nachricht erfolgreich gesendet Vielen Dank, dass Sie sich mit Ihrem Anliegen an meine Kanzlei gewandt haben.\u00a0 Ich werde Ihre Anfrage umgehend pr\u00fcfen und mich zeitnah mit Ihnen in Verbindung setzen, um die n\u00e4chsten Schritte zu besprechen. Mein Ziel ist es, Ihnen eine individuell zugeschnittene und effektive rechtliche L\u00f6sung anzubieten. Sollten Sie in der Zwischenzeit weitere [&hellip;]\" \/>\n<meta property=\"og:url\" content=\"https:\/\/andrelang-law.de\/en\/thanks\/\" \/>\n<meta property=\"og:site_name\" content=\"Andrelang Law\" \/>\n<meta property=\"article:modified_time\" content=\"2023-11-17T13:02:17+00:00\" \/>\n<meta property=\"og:image\" content=\"https:\/\/brave-shaw.83-171-239-208.plesk.page\/wp-content\/uploads\/2020\/11\/Dr-Christian-Andrelang-Portrait-2.png\" \/>\n<meta name=\"twitter:card\" content=\"summary_large_image\" \/>\n<meta name=\"twitter:label1\" content=\"Estimated reading time\" \/>\n\t<meta name=\"twitter:data1\" content=\"1 minute\" \/>\n<script type=\"application\/ld+json\" class=\"yoast-schema-graph\">{\"@context\":\"https:\/\/schema.org\",\"@graph\":[{\"@type\":\"WebPage\",\"@id\":\"https:\/\/andrelang-law.de\/danke\/\",\"url\":\"https:\/\/andrelang-law.de\/danke\/\",\"name\":\"Danke - Andrelang Law\",\"isPartOf\":{\"@id\":\"https:\/\/andrelang-law.de\/#website\"},\"primaryImageOfPage\":{\"@id\":\"https:\/\/andrelang-law.de\/danke\/#primaryimage\"},\"image\":{\"@id\":\"https:\/\/andrelang-law.de\/danke\/#primaryimage\"},\"thumbnailUrl\":\"https:\/\/brave-shaw.83-171-239-208.plesk.page\/wp-content\/uploads\/2020\/11\/Dr-Christian-Andrelang-Portrait-2.png\",\"datePublished\":\"2023-11-17T12:48:47+00:00\",\"dateModified\":\"2023-11-17T13:02:17+00:00\",\"breadcrumb\":{\"@id\":\"https:\/\/andrelang-law.de\/danke\/#breadcrumb\"},\"inLanguage\":\"en-GB\",\"potentialAction\":[{\"@type\":\"ReadAction\",\"target\":[\"https:\/\/andrelang-law.de\/danke\/\"]}]},{\"@type\":\"ImageObject\",\"inLanguage\":\"en-GB\",\"@id\":\"https:\/\/andrelang-law.de\/danke\/#primaryimage\",\"url\":\"https:\/\/brave-shaw.83-171-239-208.plesk.page\/wp-content\/uploads\/2020\/11\/Dr-Christian-Andrelang-Portrait-2.png\",\"contentUrl\":\"https:\/\/brave-shaw.83-171-239-208.plesk.page\/wp-content\/uploads\/2020\/11\/Dr-Christian-Andrelang-Portrait-2.png\"},{\"@type\":\"BreadcrumbList\",\"@id\":\"https:\/\/andrelang-law.de\/danke\/#breadcrumb\",\"itemListElement\":[{\"@type\":\"ListItem\",\"position\":1,\"name\":\"Startseite\",\"item\":\"https:\/\/andrelang-law.de\/\"},{\"@type\":\"ListItem\",\"position\":2,\"name\":\"Danke\"}]},{\"@type\":\"WebSite\",\"@id\":\"https:\/\/andrelang-law.de\/#website\",\"url\":\"https:\/\/andrelang-law.de\/\",\"name\":\"Andrelang Law\",\"description\":\"Gesellschaftsrecht M\u00fcnchen\",\"publisher\":{\"@id\":\"https:\/\/andrelang-law.de\/#organization\"},\"potentialAction\":[{\"@type\":\"SearchAction\",\"target\":{\"@type\":\"EntryPoint\",\"urlTemplate\":\"https:\/\/andrelang-law.de\/?s={search_term_string}\"},\"query-input\":{\"@type\":\"PropertyValueSpecification\",\"valueRequired\":true,\"valueName\":\"search_term_string\"}}],\"inLanguage\":\"en-GB\"},{\"@type\":\"Organization\",\"@id\":\"https:\/\/andrelang-law.de\/#organization\",\"name\":\"Andrelang Law\",\"url\":\"https:\/\/andrelang-law.de\/\",\"logo\":{\"@type\":\"ImageObject\",\"inLanguage\":\"en-GB\",\"@id\":\"https:\/\/andrelang-law.de\/#\/schema\/logo\/image\/\",\"url\":\"https:\/\/andrelang-law.de\/wp-content\/uploads\/2020\/11\/andrelang-law_logo.png\",\"contentUrl\":\"https:\/\/andrelang-law.de\/wp-content\/uploads\/2020\/11\/andrelang-law_logo.png\",\"width\":1096,\"height\":201,\"caption\":\"Andrelang Law\"},\"image\":{\"@id\":\"https:\/\/andrelang-law.de\/#\/schema\/logo\/image\/\"}}]}<\/script>\n<!-- \/ Yoast SEO plugin. -->","yoast_head_json":{"title":"Thank you - Andrelang Law","robots":{"index":"index","follow":"follow","max-snippet":"max-snippet:-1","max-image-preview":"max-image-preview:large","max-video-preview":"max-video-preview:-1"},"canonical":"https:\/\/andrelang-law.de\/en\/thanks\/","og_locale":"en_GB","og_type":"article","og_title":"Danke - Andrelang Law","og_description":"Nachricht erfolgreich gesendet Vielen Dank, dass Sie sich mit Ihrem Anliegen an meine Kanzlei gewandt haben.\u00a0 Ich werde Ihre Anfrage umgehend pr\u00fcfen und mich zeitnah mit Ihnen in Verbindung setzen, um die n\u00e4chsten Schritte zu besprechen. Mein Ziel ist es, Ihnen eine individuell zugeschnittene und effektive rechtliche L\u00f6sung anzubieten. Sollten Sie in der Zwischenzeit weitere [&hellip;]","og_url":"https:\/\/andrelang-law.de\/en\/thanks\/","og_site_name":"Andrelang Law","article_modified_time":"2023-11-17T13:02:17+00:00","og_image":[{"url":"https:\/\/brave-shaw.83-171-239-208.plesk.page\/wp-content\/uploads\/2020\/11\/Dr-Christian-Andrelang-Portrait-2.png","type":"","width":"","height":""}],"twitter_card":"summary_large_image","twitter_misc":{"Estimated reading time":"1 minute"},"schema":{"@context":"https:\/\/schema.org","@graph":[{"@type":"WebPage","@id":"https:\/\/andrelang-law.de\/danke\/","url":"https:\/\/andrelang-law.de\/danke\/","name":"Thank you - Andrelang Law","isPartOf":{"@id":"https:\/\/andrelang-law.de\/#website"},"primaryImageOfPage":{"@id":"https:\/\/andrelang-law.de\/danke\/#primaryimage"},"image":{"@id":"https:\/\/andrelang-law.de\/danke\/#primaryimage"},"thumbnailUrl":"https:\/\/brave-shaw.83-171-239-208.plesk.page\/wp-content\/uploads\/2020\/11\/Dr-Christian-Andrelang-Portrait-2.png","datePublished":"2023-11-17T12:48:47+00:00","dateModified":"2023-11-17T13:02:17+00:00","breadcrumb":{"@id":"https:\/\/andrelang-law.de\/danke\/#breadcrumb"},"inLanguage":"en-GB","potentialAction":[{"@type":"ReadAction","target":["https:\/\/andrelang-law.de\/danke\/"]}]},{"@type":"ImageObject","inLanguage":"en-GB","@id":"https:\/\/andrelang-law.de\/danke\/#primaryimage","url":"https:\/\/brave-shaw.83-171-239-208.plesk.page\/wp-content\/uploads\/2020\/11\/Dr-Christian-Andrelang-Portrait-2.png","contentUrl":"https:\/\/brave-shaw.83-171-239-208.plesk.page\/wp-content\/uploads\/2020\/11\/Dr-Christian-Andrelang-Portrait-2.png"},{"@type":"BreadcrumbList","@id":"https:\/\/andrelang-law.de\/danke\/#breadcrumb","itemListElement":[{"@type":"ListItem","position":1,"name":"Startseite","item":"https:\/\/andrelang-law.de\/"},{"@type":"ListItem","position":2,"name":"Danke"}]},{"@type":"WebSite","@id":"https:\/\/andrelang-law.de\/#website","url":"https:\/\/andrelang-law.de\/","name":"Andrelang Law","description":"Corporate Law Munich","publisher":{"@id":"https:\/\/andrelang-law.de\/#organization"},"potentialAction":[{"@type":"SearchAction","target":{"@type":"EntryPoint","urlTemplate":"https:\/\/andrelang-law.de\/?s={search_term_string}"},"query-input":{"@type":"PropertyValueSpecification","valueRequired":true,"valueName":"search_term_string"}}],"inLanguage":"en-GB"},{"@type":"Organization","@id":"https:\/\/andrelang-law.de\/#organization","name":"Andrelang Law","url":"https:\/\/andrelang-law.de\/","logo":{"@type":"ImageObject","inLanguage":"en-GB","@id":"https:\/\/andrelang-law.de\/#\/schema\/logo\/image\/","url":"https:\/\/andrelang-law.de\/wp-content\/uploads\/2020\/11\/andrelang-law_logo.png","contentUrl":"https:\/\/andrelang-law.de\/wp-content\/uploads\/2020\/11\/andrelang-law_logo.png","width":1096,"height":201,"caption":"Andrelang Law"},"image":{"@id":"https:\/\/andrelang-law.de\/#\/schema\/logo\/image\/"}}]}},"_links":{"self":[{"href":"https:\/\/andrelang-law.de\/en\/wp-json\/wp\/v2\/pages\/3226","targetHints":{"allow":["GET"]}}],"collection":[{"href":"https:\/\/andrelang-law.de\/en\/wp-json\/wp\/v2\/pages"}],"about":[{"href":"https:\/\/andrelang-law.de\/en\/wp-json\/wp\/v2\/types\/page"}],"author":[{"embeddable":true,"href":"https:\/\/andrelang-law.de\/en\/wp-json\/wp\/v2\/users\/1"}],"replies":[{"embeddable":true,"href":"https:\/\/andrelang-law.de\/en\/wp-json\/wp\/v2\/comments?post=3226"}],"version-history":[{"count":13,"href":"https:\/\/andrelang-law.de\/en\/wp-json\/wp\/v2\/pages\/3226\/revisions"}],"predecessor-version":[{"id":3241,"href":"https:\/\/andrelang-law.de\/en\/wp-json\/wp\/v2\/pages\/3226\/revisions\/3241"}],"wp:attachment":[{"href":"https:\/\/andrelang-law.de\/en\/wp-json\/wp\/v2\/media?parent=3226"}],"curies":[{"name":"wp","href":"https:\/\/api.w.org\/{rel}","templated":true}]}}